{"id":135,"date":"2021-05-12T11:36:55","date_gmt":"2021-05-12T11:36:55","guid":{"rendered":"http:\/\/gramminvestors.com\/index.php\/home\/"},"modified":"2026-03-01T13:18:34","modified_gmt":"2026-03-01T12:18:34","slug":"home","status":"publish","type":"page","link":"http:\/\/gramminvestors.com\/","title":{"rendered":"Portada"},"content":{"rendered":"\n<div class=\"wp-block-cover alignfull has-parallax is-light\" style=\"min-height:472px;aspect-ratio:unset;\"><div class=\"wp-block-cover__image-background wp-image-546 has-parallax\" style=\"background-position:50% 50%;background-image:url(https:\/\/gramminvestors.com\/wp-content\/uploads\/2024\/09\/Captura-de-pantalla-2024-09-16-180942-1.png)\"><\/div><span aria-hidden=\"true\" class=\"wp-block-cover__background has-contrast-2-background-color has-background-dim-60 has-background-dim\"><\/span><div class=\"wp-block-cover__inner-container is-layout-flow wp-block-cover-is-layout-flow\">\n<p class=\"has-white-color has-text-color\"><\/p>\n\n\n\n<h1 class=\"wp-block-heading has-text-align-left has-white-color has-text-color\"><strong>Gramm Investors<\/strong><\/h1>\n\n\n\n<h3 class=\"wp-block-heading has-text-align-left has-white-color has-text-color\">Inversiones y seguros<\/h3>\n\n\n\n<p class=\"has-base-color has-text-color has-link-color wp-elements-c8af67874b93f63c64a25cb32718d2a5\">Bienvenido a Gramm Investors, soluciones de seguros y recursos para tu planificaci\u00f3n financiera.<\/p>\n\n\n\n<div class=\"wp-block-buttons has-custom-font-size has-medium-font-size is-horizontal is-content-justification-left is-layout-flex wp-container-core-buttons-is-layout-947d1916 wp-block-buttons-is-layout-flex\" style=\"margin-top:var(--wp--preset--spacing--20);margin-bottom:var(--wp--preset--spacing--20)\">\n<div class=\"wp-block-button is-style-fill\"><a class=\"wp-block-button__link has-ast-global-color-3-color has-ast-global-color-5-background-color has-text-color has-background wp-element-button\" href=\"https:\/\/gramminvestors.com\/index.php\/services\/\" rel=\"#\">Saber m\u00e1s<\/a><\/div>\n<\/div>\n<\/div><\/div>\n\n\n\n<p><\/p>\n\n\n\n<figure class=\"wp-block-pullquote\"><blockquote><p><strong>Agencia de seguros Santander, Cantabria<\/strong><\/p><\/blockquote><\/figure>\n\n\n\n<div class=\"wp-block-group alignfull has-ast-global-color-5-background-color has-background is-layout-flow wp-block-group-is-layout-flow\">\n<div class=\"wp-block-media-text is-stacked-on-mobile\" style=\"grid-template-columns:55% auto\"><figure class=\"wp-block-media-text__media\"><img loading=\"lazy\" decoding=\"async\" width=\"835\" height=\"625\" src=\"https:\/\/gramminvestors.com\/wp-content\/uploads\/2024\/09\/Captura-de-pantalla-2024-09-16-202155-1.png\" alt=\"\" class=\"wp-image-581 size-full\" srcset=\"http:\/\/gramminvestors.com\/wp-content\/uploads\/2024\/09\/Captura-de-pantalla-2024-09-16-202155-1.png 835w, http:\/\/gramminvestors.com\/wp-content\/uploads\/2024\/09\/Captura-de-pantalla-2024-09-16-202155-1-300x225.png 300w, http:\/\/gramminvestors.com\/wp-content\/uploads\/2024\/09\/Captura-de-pantalla-2024-09-16-202155-1-768x575.png 768w\" sizes=\"auto, (max-width: 835px) 100vw, 835px\" \/><\/figure><div class=\"wp-block-media-text__content\">\n<p><\/p>\n\n\n\n<h2 class=\"wp-block-heading\"><strong>\u00bfQu\u00e9 somos?<\/strong><\/h2>\n\n\n\n<p>Gramm Investors trabaja con un enfoque centrado en ofrecer informaci\u00f3n clara y accesible sobre productos financieros y aseguradores, con la garant\u00eda y respaldo del grupo Allianz. Nuestro objetivo es facilitarte recursos y herramientas para que puedas comprender mejor tus opciones, evaluar distintos instrumentos y tomar decisiones informadas seg\u00fan tus necesidades y perfil de riesgo.<\/p>\n\n\n\n<p>Contamos con un equipo con amplia experiencia en el sector financiero y asegurador. Te acompa\u00f1amos en el proceso de explorar distintas alternativas disponibles en el mercado, tanto en seguros como en productos financieros, y te ofrecemos informaci\u00f3n detallada para ayudarte en tu an\u00e1lisis.<\/p>\n<\/div><\/div>\n\n\n\n<ol class=\"wp-block-list\">\n<li><\/li>\n<\/ol>\n\n\n\n<h2 class=\"wp-block-heading has-text-align-center has-large-font-size\" style=\"margin-top:var(--wp--preset--spacing--40);margin-bottom:var(--wp--preset--spacing--30)\"><strong>Nuestros pilares<\/strong><\/h2>\n\n\n\n<div class=\"wp-block-columns has-accent-background-color has-background is-layout-flex wp-container-core-columns-is-layout-28f84493 wp-block-columns-is-layout-flex\">\n<div class=\"wp-block-column is-layout-flow wp-block-column-is-layout-flow\">\n<h5 class=\"wp-block-heading has-text-align-center\"><strong>Experiencia s\u00f3lida<\/strong><\/h5>\n\n\n\n<p class=\"has-text-align-center\">Aportamos conocimiento acumulado y pr\u00e1cticas contrastadas.<\/p>\n<\/div>\n\n\n\n<div class=\"wp-block-column is-layout-flow wp-block-column-is-layout-flow\">\n<h5 class=\"wp-block-heading has-text-align-center\"><strong>Atenci\u00f3n cercana<\/strong><\/h5>\n\n\n\n<p class=\"has-text-align-center\">Escuchamos tus inquietudes y te proporcionamos informaci\u00f3n ajustada a tus intereses.<\/p>\n<\/div>\n\n\n\n<div class=\"wp-block-column is-layout-flow wp-block-column-is-layout-flow\">\n<h5 class=\"wp-block-heading has-text-align-center\"><strong>Visi\u00f3n integral<\/strong><\/h5>\n\n\n\n<p class=\"has-text-align-center\">Abordamos las necesidades de protecci\u00f3n y planificaci\u00f3n financiera desde m\u00faltiples perspectivas.<\/p>\n<\/div>\n<\/div>\n\n\n\n<div style=\"height:21px\" aria-hidden=\"true\" class=\"wp-block-spacer\"><\/div>\n<\/div>\n\n\n\n<div class=\"wp-block-columns alignwide is-layout-flex wp-container-core-columns-is-layout-28f84493 wp-block-columns-is-layout-flex\">\n<div class=\"wp-block-column is-layout-flow wp-block-column-is-layout-flow\">\n<figure class=\"wp-block-image size-full is-resized\"><img loading=\"lazy\" decoding=\"async\" width=\"512\" height=\"107\" src=\"https:\/\/gramminvestors.com\/wp-content\/uploads\/2024\/10\/unnamed-3.png\" alt=\"\" class=\"wp-image-642\" style=\"width:338px;height:auto\" srcset=\"http:\/\/gramminvestors.com\/wp-content\/uploads\/2024\/10\/unnamed-3.png 512w, http:\/\/gramminvestors.com\/wp-content\/uploads\/2024\/10\/unnamed-3-300x63.png 300w\" sizes=\"auto, (max-width: 512px) 100vw, 512px\" \/><\/figure>\n<\/div>\n\n\n\n<div class=\"wp-block-column is-layout-flow wp-block-column-is-layout-flow\">\n<figure class=\"wp-block-image size-large\"><img loading=\"lazy\" decoding=\"async\" width=\"1024\" height=\"216\" src=\"https:\/\/gramminvestors.com\/wp-content\/uploads\/2024\/10\/Logotipo_de_los_Fondos_Europeos.svg-4-1024x216.png\" alt=\"\" class=\"wp-image-643\" srcset=\"http:\/\/gramminvestors.com\/wp-content\/uploads\/2024\/10\/Logotipo_de_los_Fondos_Europeos.svg-4-1024x216.png 1024w, http:\/\/gramminvestors.com\/wp-content\/uploads\/2024\/10\/Logotipo_de_los_Fondos_Europeos.svg-4-300x63.png 300w, http:\/\/gramminvestors.com\/wp-content\/uploads\/2024\/10\/Logotipo_de_los_Fondos_Europeos.svg-4-768x162.png 768w, http:\/\/gramminvestors.com\/wp-content\/uploads\/2024\/10\/Logotipo_de_los_Fondos_Europeos.svg-4-1536x323.png 1536w, http:\/\/gramminvestors.com\/wp-content\/uploads\/2024\/10\/Logotipo_de_los_Fondos_Europeos.svg-4-2048x431.png 2048w\" sizes=\"auto, (max-width: 1024px) 100vw, 1024px\" \/><\/figure>\n<\/div>\n\n\n\n<div class=\"wp-block-column is-layout-flow wp-block-column-is-layout-flow\">\n<figure class=\"wp-block-image size-full is-resized\"><img loading=\"lazy\" decoding=\"async\" width=\"634\" height=\"393\" src=\"https:\/\/gramminvestors.com\/wp-content\/uploads\/2024\/10\/LOGO-CONSEJERIA-INNOVACION-removebg-preview-1.png\" alt=\"\" class=\"wp-image-644\" style=\"width:204px;height:auto\" srcset=\"http:\/\/gramminvestors.com\/wp-content\/uploads\/2024\/10\/LOGO-CONSEJERIA-INNOVACION-removebg-preview-1.png 634w, http:\/\/gramminvestors.com\/wp-content\/uploads\/2024\/10\/LOGO-CONSEJERIA-INNOVACION-removebg-preview-1-300x186.png 300w\" sizes=\"auto, (max-width: 634px) 100vw, 634px\" \/><\/figure>\n<\/div>\n<\/div>\n\n\n\n<div class=\"wp-block-columns is-layout-flex wp-container-core-columns-is-layout-28f84493 wp-block-columns-is-layout-flex\">\n<div class=\"wp-block-column is-layout-flow wp-block-column-is-layout-flow\">\n<figure class=\"wp-block-image size-full is-resized\"><img loading=\"lazy\" decoding=\"async\" width=\"600\" height=\"276\" src=\"https:\/\/gramminvestors.com\/wp-content\/uploads\/2024\/10\/logoAnoSanto-2.png\" alt=\"\" class=\"wp-image-645\" style=\"width:217px;height:auto\" srcset=\"http:\/\/gramminvestors.com\/wp-content\/uploads\/2024\/10\/logoAnoSanto-2.png 600w, http:\/\/gramminvestors.com\/wp-content\/uploads\/2024\/10\/logoAnoSanto-2-300x138.png 300w\" sizes=\"auto, (max-width: 600px) 100vw, 600px\" \/><\/figure>\n<\/div>\n\n\n\n<div class=\"wp-block-column is-layout-flow wp-block-column-is-layout-flow\">\n<figure class=\"wp-block-image aligncenter size-large is-resized\"><img loading=\"lazy\" decoding=\"async\" width=\"1024\" height=\"241\" src=\"https:\/\/gramminvestors.com\/wp-content\/uploads\/2024\/10\/emcan01-1-1024x241.png\" alt=\"\" class=\"wp-image-646\" style=\"width:300px;height:auto\" srcset=\"http:\/\/gramminvestors.com\/wp-content\/uploads\/2024\/10\/emcan01-1-1024x241.png 1024w, http:\/\/gramminvestors.com\/wp-content\/uploads\/2024\/10\/emcan01-1-300x71.png 300w, http:\/\/gramminvestors.com\/wp-content\/uploads\/2024\/10\/emcan01-1-768x181.png 768w, http:\/\/gramminvestors.com\/wp-content\/uploads\/2024\/10\/emcan01-1.png 1454w\" sizes=\"auto, (max-width: 1024px) 100vw, 1024px\" \/><\/figure>\n<\/div>\n<\/div>\n\n\n\n<div style=\"height:17px\" aria-hidden=\"true\" class=\"wp-block-spacer\"><\/div>\n\n\n\n<div class=\"wp-block-group is-nowrap is-layout-flex wp-container-core-group-is-layout-6c531013 wp-block-group-is-layout-flex\">\n<h4 class=\"wp-block-heading has-text-align-center\"><strong>Esta empresa ha recibido una subvenci\u00f3n cofinanciada al 60% por el Gobierno de Cantabria y el Fondo Social Europeo Plus, a trav\u00e9s del Programa Operativo FSE+ de Cantabria 2021-2027<\/strong><\/h4>\n<\/div>\n\n\n\n<div style=\"height:11px\" aria-hidden=\"true\" class=\"wp-block-spacer\"><\/div>\n\n\n\n<h5 class=\"wp-block-heading has-text-align-center\">DECRETO 31\/2023, de 11 de mayo, por el que se regula el procedimiento de concesi\u00f3n directa de subvenciones destinadas a fomentar el empleo estable y de calidad en el Comunidad Aut\u00f3noma de Cantabria cofinanciadas por el Fondo Social Europeo Plus.<\/h5>\n\n\n\n<p><\/p>\n\n\n\n<p class=\"has-text-align-center\">Gramm Investors, agente financiero de Allianz Soluciones de Inversi\u00f3n, entidad autorizada y<br>supervisada por la Comisi\u00f3n Nacional del Mercado de Valores (CNMV) con registro n\u00ba304,<br>actuando por cuenta y bajo la responsabilidad de dicha entidad.<br>La presente p\u00e1gina web tiene car\u00e1cter informativo y comercial. No se presta ning\u00fan servicio de<br>inversi\u00f3n ni asesoramiento, ni se formalizan contratos a trav\u00e9s de ella.<\/p>\n\n\n\n<figure class=\"wp-block-image size-full is-resized\"><img loading=\"lazy\" decoding=\"async\" width=\"436\" height=\"115\" src=\"https:\/\/gramminvestors.com\/wp-content\/uploads\/2026\/03\/images-1.jpg\" alt=\"\" class=\"wp-image-661\" style=\"aspect-ratio:3.791638721216186;width:620px;height:auto\" srcset=\"http:\/\/gramminvestors.com\/wp-content\/uploads\/2026\/03\/images-1.jpg 436w, http:\/\/gramminvestors.com\/wp-content\/uploads\/2026\/03\/images-1-300x79.jpg 300w\" sizes=\"auto, (max-width: 436px) 100vw, 436px\" \/><\/figure>\n","protected":false},"excerpt":{"rendered":"<p>Agencia de seguros Santander, Cantabria \u00bfQu\u00e9 somos? Gramm Investors trabaja con un enfoque centrado en ofrecer informaci\u00f3n clara y accesible sobre productos financieros y aseguradores, con la garant\u00eda y respaldo del grupo Allianz. Nuestro objetivo es facilitarte recursos y herramientas para que puedas comprender mejor tus opciones, evaluar distintos instrumentos y tomar decisiones informadas seg\u00fan [&hellip;]<\/p>\n","protected":false},"author":1,"featured_media":0,"parent":0,"menu_order":0,"comment_status":"closed","ping_status":"closed","template":"","meta":{"footnotes":""},"class_list":["post-135","page","type-page","status-publish","hentry"],"_links":{"self":[{"href":"http:\/\/gramminvestors.com\/index.php\/wp-json\/wp\/v2\/pages\/135","targetHints":{"allow":["GET"]}}],"collection":[{"href":"http:\/\/gramminvestors.com\/index.php\/wp-json\/wp\/v2\/pages"}],"about":[{"href":"http:\/\/gramminvestors.com\/index.php\/wp-json\/wp\/v2\/types\/page"}],"author":[{"embeddable":true,"href":"http:\/\/gramminvestors.com\/index.php\/wp-json\/wp\/v2\/users\/1"}],"replies":[{"embeddable":true,"href":"http:\/\/gramminvestors.com\/index.php\/wp-json\/wp\/v2\/comments?post=135"}],"version-history":[{"count":52,"href":"http:\/\/gramminvestors.com\/index.php\/wp-json\/wp\/v2\/pages\/135\/revisions"}],"predecessor-version":[{"id":663,"href":"http:\/\/gramminvestors.com\/index.php\/wp-json\/wp\/v2\/pages\/135\/revisions\/663"}],"wp:attachment":[{"href":"http:\/\/gramminvestors.com\/index.php\/wp-json\/wp\/v2\/media?parent=135"}],"curies":[{"name":"wp","href":"https:\/\/api.w.org\/{rel}","templated":true}]}}