{"id":139,"date":"2021-05-12T11:38:10","date_gmt":"2021-05-12T11:38:10","guid":{"rendered":"http:\/\/gramminvestors.com\/index.php\/about-us\/"},"modified":"2026-03-01T13:33:32","modified_gmt":"2026-03-01T12:33:32","slug":"about-us","status":"publish","type":"page","link":"https:\/\/gramminvestors.com\/index.php\/about-us\/","title":{"rendered":"Sobre nosotros"},"content":{"rendered":"\n<div class=\"wp-block-cover alignfull has-parallax is-light\" style=\"min-height:549px;aspect-ratio:unset;\"><div class=\"wp-block-cover__image-background wp-image-655 has-parallax\" style=\"background-position:50% 50%;background-image:url(https:\/\/gramminvestors.com\/wp-content\/uploads\/2025\/01\/Captura-de-pantalla-2025-01-10-191259.png)\"><\/div><span aria-hidden=\"true\" class=\"wp-block-cover__background has-background-dim-70 has-background-dim\" style=\"background-color:#7b6e5f\"><\/span><div class=\"wp-block-cover__inner-container is-layout-flow wp-block-cover-is-layout-flow\">\n<h1 class=\"wp-block-heading has-text-align-center has-white-color has-text-color\"><strong>Sobre nosotros<\/strong><\/h1>\n<\/div><\/div>\n\n\n\n<div class=\"wp-block-group alignfull has-ast-global-color-8-background-color has-background is-layout-flow wp-block-group-is-layout-flow\">\n<div class=\"wp-block-media-text alignwide is-stacked-on-mobile is-vertically-aligned-center has-ast-global-color-8-background-color has-background\" style=\"grid-template-columns:41% auto\"><figure class=\"wp-block-media-text__media\"><img loading=\"lazy\" decoding=\"async\" width=\"472\" height=\"628\" src=\"http:\/\/gramminvestors.com\/wp-content\/uploads\/2024\/10\/Captura-de-pantalla-2024-10-08-124500.png\" alt=\"\" class=\"wp-image-622 size-full\" srcset=\"https:\/\/gramminvestors.com\/wp-content\/uploads\/2024\/10\/Captura-de-pantalla-2024-10-08-124500.png 472w, https:\/\/gramminvestors.com\/wp-content\/uploads\/2024\/10\/Captura-de-pantalla-2024-10-08-124500-225x300.png 225w\" sizes=\"auto, (max-width: 472px) 100vw, 472px\" \/><\/figure><div class=\"wp-block-media-text__content\">\n<h2 class=\"wp-block-heading has-text-align-center\"><strong>Misi\u00f3n<\/strong><\/h2>\n\n\n\n<p class=\"has-text-align-center\">Nuestra misi\u00f3n en Gramm Inversiones es es ofrecer informaci\u00f3n clara y recursos en materia de seguros y productos financieros, facilitando la comprensi\u00f3n de las distintas alternativas disponibles en el mercado.<\/p>\n\n\n\n<p class=\"has-text-align-center\">Trabajamos con un enfoque responsable y transparente, proporcionando apoyo en la planificaci\u00f3n financiera y ayudando a que cada persona pueda evaluar sus opciones con criterio propio, teniendo en cuenta sus objetivos y nivel de riesgo.<\/p>\n\n\n\n<h2 class=\"wp-block-heading has-text-align-center\"><strong>Visi\u00f3n<\/strong><\/h2>\n\n\n\n<p class=\"has-text-align-center\">Nuestra visi\u00f3n es consolidarnos como un referente en informaci\u00f3n y soluciones dentro del \u00e1mbito asegurador y financiero, destacando por la transparencia, el rigor y la cercan\u00eda en nuestra comunicaci\u00f3n.<\/p>\n\n\n\n<p class=\"has-text-align-center\">Aspiramos a fomentar una mayor cultura financiera, facilitando el acceso a informaci\u00f3n clara y comprensible, y promoviendo relaciones basadas en la confianza, la responsabilidad y el compromiso a largo plazo.<\/p>\n<\/div><\/div>\n<\/div>\n\n\n\n<div style=\"height:18px\" aria-hidden=\"true\" class=\"wp-block-spacer\"><\/div>\n\n\n\n<h2 class=\"wp-block-heading has-text-align-center\"><strong>Nuestros valores<\/strong><\/h2>\n\n\n\n<div style=\"height:15px\" aria-hidden=\"true\" class=\"wp-block-spacer\"><\/div>\n\n\n\n<div class=\"wp-block-columns is-layout-flex wp-container-core-columns-is-layout-28f84493 wp-block-columns-is-layout-flex\">\n<div class=\"wp-block-column is-layout-flow wp-block-column-is-layout-flow\">\n<p class=\"has-text-align-center\"><strong>Integridad<\/strong><\/p>\n\n\n\n<p class=\"has-text-align-center\">Mantenemos altos est\u00e1ndares de \u00e9tica y transparencia en todas nuestras interacciones, promoviendo relaciones basadas en la confianza, el respeto y la claridad en la informaci\u00f3n que proporcionamos.<\/p>\n<\/div>\n\n\n\n<div class=\"wp-block-column is-layout-flow wp-block-column-is-layout-flow\">\n<p class=\"has-text-align-center\"><strong>Compromiso<\/strong><\/p>\n\n\n\n<p class=\"has-text-align-center\">Nos esforzamos por comprender las inquietudes y objetivos de cada persona, facilitando informaci\u00f3n y recursos que contribuyan a un an\u00e1lisis responsable y fundamentado de las distintas alternativas financieras y aseguradoras disponibles.<\/p>\n<\/div>\n<\/div>\n\n\n\n<div style=\"height:13px\" aria-hidden=\"true\" class=\"wp-block-spacer\"><\/div>\n\n\n\n<div class=\"wp-block-columns is-layout-flex wp-container-core-columns-is-layout-28f84493 wp-block-columns-is-layout-flex\">\n<div class=\"wp-block-column is-layout-flow wp-block-column-is-layout-flow\">\n<p class=\"has-text-align-center\"><strong>Responsabilidad<\/strong><\/p>\n\n\n\n<p class=\"has-text-align-center\">Actuamos con diligencia y criterio profesional en la difusi\u00f3n de informaci\u00f3n y en nuestra actividad, promoviendo la comprensi\u00f3n de riesgos y fomentando decisiones conscientes dentro del \u00e1mbito financiero y asegurador.<\/p>\n<\/div>\n\n\n\n<div class=\"wp-block-column is-layout-flow wp-block-column-is-layout-flow\">\n<p class=\"has-text-align-center\"><strong>Excelencia Profesional<\/strong><\/p>\n\n\n\n<p class=\"has-text-align-center\">Buscamos la mejora continua en nuestro trabajo, manteni\u00e9ndonos actualizados en el entorno financiero y asegurador para ofrecer informaci\u00f3n rigurosa, clara y alineada con las buenas pr\u00e1cticas del sector.<\/p>\n<\/div>\n<\/div>\n\n\n\n<div style=\"height:23px\" aria-hidden=\"true\" class=\"wp-block-spacer\"><\/div>\n\n\n\n<figure class=\"wp-block-image alignfull size-large wp-duotone-unset-1\"><img loading=\"lazy\" decoding=\"async\" width=\"1024\" height=\"372\" src=\"https:\/\/gramminvestors.com\/wp-content\/uploads\/2024\/10\/P2270643-1024x372.jpg\" alt=\"\" class=\"wp-image-612\" srcset=\"https:\/\/gramminvestors.com\/wp-content\/uploads\/2024\/10\/P2270643-1024x372.jpg 1024w, https:\/\/gramminvestors.com\/wp-content\/uploads\/2024\/10\/P2270643-300x109.jpg 300w, https:\/\/gramminvestors.com\/wp-content\/uploads\/2024\/10\/P2270643-768x279.jpg 768w, https:\/\/gramminvestors.com\/wp-content\/uploads\/2024\/10\/P2270643-1536x558.jpg 1536w, https:\/\/gramminvestors.com\/wp-content\/uploads\/2024\/10\/P2270643-2048x744.jpg 2048w\" sizes=\"auto, (max-width: 1024px) 100vw, 1024px\" \/><\/figure>\n\n\n\n<div style=\"height:20px\" aria-hidden=\"true\" class=\"wp-block-spacer\"><\/div>\n\n\n\n<h2 class=\"wp-block-heading has-text-align-center\"><strong>\u00bfQui\u00e9nes somos?<\/strong><\/h2>\n\n\n\n<div style=\"height:14px\" aria-hidden=\"true\" class=\"wp-block-spacer\"><\/div>\n\n\n\n<div class=\"wp-block-group alignfull has-ast-global-color-5-background-color has-background is-layout-flow wp-block-group-is-layout-flow\">\n<div class=\"wp-block-columns alignwide is-layout-flex wp-container-core-columns-is-layout-28f84493 wp-block-columns-is-layout-flex\">\n<div class=\"wp-block-column is-vertically-aligned-center is-layout-flow wp-block-column-is-layout-flow\">\n<figure class=\"wp-block-image aligncenter size-full is-resized is-style-rounded is-style-rounded--2\"><img loading=\"lazy\" decoding=\"async\" width=\"1279\" height=\"868\" src=\"https:\/\/gramminvestors.com\/wp-content\/uploads\/2025\/01\/Captura-de-pantalla-2025-01-10-190821-1.png\" alt=\"\" class=\"wp-image-653\" style=\"width:272px;height:auto\" srcset=\"https:\/\/gramminvestors.com\/wp-content\/uploads\/2025\/01\/Captura-de-pantalla-2025-01-10-190821-1.png 1279w, https:\/\/gramminvestors.com\/wp-content\/uploads\/2025\/01\/Captura-de-pantalla-2025-01-10-190821-1-300x204.png 300w, https:\/\/gramminvestors.com\/wp-content\/uploads\/2025\/01\/Captura-de-pantalla-2025-01-10-190821-1-1024x695.png 1024w, https:\/\/gramminvestors.com\/wp-content\/uploads\/2025\/01\/Captura-de-pantalla-2025-01-10-190821-1-768x521.png 768w\" sizes=\"auto, (max-width: 1279px) 100vw, 1279px\" \/><figcaption class=\"wp-element-caption\">F\u00e9lix Garc\u00eda-Lago<\/figcaption><\/figure>\n<\/div>\n\n\n\n<div class=\"wp-block-column is-vertically-aligned-top is-layout-flow wp-block-column-is-layout-flow\">\n<figure class=\"wp-block-image aligncenter size-full is-resized is-style-rounded is-style-rounded--3\"><img loading=\"lazy\" decoding=\"async\" width=\"1162\" height=\"874\" src=\"https:\/\/gramminvestors.com\/wp-content\/uploads\/2025\/01\/Captura-de-pantalla-2025-01-10-190906.png\" alt=\"\" class=\"wp-image-650\" style=\"width:254px;height:auto\" srcset=\"https:\/\/gramminvestors.com\/wp-content\/uploads\/2025\/01\/Captura-de-pantalla-2025-01-10-190906.png 1162w, https:\/\/gramminvestors.com\/wp-content\/uploads\/2025\/01\/Captura-de-pantalla-2025-01-10-190906-300x226.png 300w, https:\/\/gramminvestors.com\/wp-content\/uploads\/2025\/01\/Captura-de-pantalla-2025-01-10-190906-1024x770.png 1024w, https:\/\/gramminvestors.com\/wp-content\/uploads\/2025\/01\/Captura-de-pantalla-2025-01-10-190906-768x578.png 768w\" sizes=\"auto, (max-width: 1162px) 100vw, 1162px\" \/><figcaption class=\"wp-element-caption\">Juan Manuel Madera<\/figcaption><\/figure>\n<\/div>\n<\/div>\n\n\n\n<div style=\"height:35px\" aria-hidden=\"true\" class=\"wp-block-spacer\"><\/div>\n\n\n\n<div class=\"wp-block-columns alignwide are-vertically-aligned-top is-layout-flex wp-container-core-columns-is-layout-28f84493 wp-block-columns-is-layout-flex\">\n<div class=\"wp-block-column is-vertically-aligned-top is-layout-flow wp-block-column-is-layout-flow\">\n<figure class=\"wp-block-image aligncenter size-large is-resized is-style-rounded is-style-rounded--4\"><img loading=\"lazy\" decoding=\"async\" width=\"1024\" height=\"768\" src=\"https:\/\/gramminvestors.com\/wp-content\/uploads\/2025\/01\/Captura-de-pantalla-2025-01-10-190932-1024x768.png\" alt=\"\" class=\"wp-image-652\" style=\"width:274px;height:auto\" srcset=\"https:\/\/gramminvestors.com\/wp-content\/uploads\/2025\/01\/Captura-de-pantalla-2025-01-10-190932-1024x768.png 1024w, https:\/\/gramminvestors.com\/wp-content\/uploads\/2025\/01\/Captura-de-pantalla-2025-01-10-190932-300x225.png 300w, https:\/\/gramminvestors.com\/wp-content\/uploads\/2025\/01\/Captura-de-pantalla-2025-01-10-190932-768x576.png 768w, https:\/\/gramminvestors.com\/wp-content\/uploads\/2025\/01\/Captura-de-pantalla-2025-01-10-190932.png 1162w\" sizes=\"auto, (max-width: 1024px) 100vw, 1024px\" \/><figcaption class=\"wp-element-caption\">Jos\u00e9 Miguel Mart\u00ednez<\/figcaption><\/figure>\n<\/div>\n\n\n\n<div class=\"wp-block-column is-vertically-aligned-top is-layout-flow wp-block-column-is-layout-flow\">\n<figure class=\"wp-block-image aligncenter size-large is-resized is-style-rounded is-style-rounded--5\"><img loading=\"lazy\" decoding=\"async\" width=\"1024\" height=\"769\" src=\"https:\/\/gramminvestors.com\/wp-content\/uploads\/2025\/01\/Captura-de-pantalla-2025-01-10-191349-1024x769.png\" alt=\"\" class=\"wp-image-654\" style=\"width:260px;height:auto\" srcset=\"https:\/\/gramminvestors.com\/wp-content\/uploads\/2025\/01\/Captura-de-pantalla-2025-01-10-191349-1024x769.png 1024w, https:\/\/gramminvestors.com\/wp-content\/uploads\/2025\/01\/Captura-de-pantalla-2025-01-10-191349-300x225.png 300w, https:\/\/gramminvestors.com\/wp-content\/uploads\/2025\/01\/Captura-de-pantalla-2025-01-10-191349-768x576.png 768w, https:\/\/gramminvestors.com\/wp-content\/uploads\/2025\/01\/Captura-de-pantalla-2025-01-10-191349.png 1159w\" sizes=\"auto, (max-width: 1024px) 100vw, 1024px\" \/><figcaption class=\"wp-element-caption\">Hugo Roj\u00ed<\/figcaption><\/figure>\n<\/div>\n<\/div>\n<\/div>\n\n\n\n<div style=\"height:42px\" aria-hidden=\"true\" class=\"wp-block-spacer\"><\/div>\n","protected":false},"excerpt":{"rendered":"<p>Misi\u00f3n Nuestra misi\u00f3n en Gramm Inversiones es es ofrecer informaci\u00f3n clara y recursos en materia de seguros y productos financieros, facilitando la comprensi\u00f3n de las distintas alternativas disponibles en el mercado. Trabajamos con un enfoque responsable y transparente, proporcionando apoyo en la planificaci\u00f3n financiera y ayudando a que cada persona pueda evaluar sus opciones con [&hellip;]<\/p>\n","protected":false},"author":1,"featured_media":0,"parent":0,"menu_order":0,"comment_status":"closed","ping_status":"closed","template":"","meta":{"footnotes":""},"class_list":["post-139","page","type-page","status-publish","hentry"],"_links":{"self":[{"href":"https:\/\/gramminvestors.com\/index.php\/wp-json\/wp\/v2\/pages\/139","targetHints":{"allow":["GET"]}}],"collection":[{"href":"https:\/\/gramminvestors.com\/index.php\/wp-json\/wp\/v2\/pages"}],"about":[{"href":"https:\/\/gramminvestors.com\/index.php\/wp-json\/wp\/v2\/types\/page"}],"author":[{"embeddable":true,"href":"https:\/\/gramminvestors.com\/index.php\/wp-json\/wp\/v2\/users\/1"}],"replies":[{"embeddable":true,"href":"https:\/\/gramminvestors.com\/index.php\/wp-json\/wp\/v2\/comments?post=139"}],"version-history":[{"count":19,"href":"https:\/\/gramminvestors.com\/index.php\/wp-json\/wp\/v2\/pages\/139\/revisions"}],"predecessor-version":[{"id":667,"href":"https:\/\/gramminvestors.com\/index.php\/wp-json\/wp\/v2\/pages\/139\/revisions\/667"}],"wp:attachment":[{"href":"https:\/\/gramminvestors.com\/index.php\/wp-json\/wp\/v2\/media?parent=139"}],"curies":[{"name":"wp","href":"https:\/\/api.w.org\/{rel}","templated":true}]}}